{"id":31,"date":"2018-01-11T11:03:43","date_gmt":"2018-01-11T10:03:43","guid":{"rendered":"http:\/\/cmentarz.wroclaw.pl\/?page_id=31"},"modified":"2018-01-11T11:03:43","modified_gmt":"2018-01-11T10:03:43","slug":"cmentarz","status":"publish","type":"page","link":"https:\/\/cmentarz.wroclaw.pl\/?page_id=31","title":{"rendered":"Cmentarz"},"content":{"rendered":"<p>Cmentarz zosta\u0142 za\u0142o\u017cony w roku 1928, jako nekropolia ewangelickich parafii \u015bw. Marii Magdaleny, Gustawa Adolfa na\u00a0S\u0119polnie\u00a0oraz Marcina Lutra. Autorem projektu cmentarza parafii lutera\u0144skiej by\u0142 wroc\u0142awski architekt krajobrazu Paul Hatt. Wed\u0142ug projektu wi\u0119kszo\u015b\u0107 kwater grzebalnych zajmowa\u0142a przestrze\u0144 na przedpolu kaplicy zachowuj\u0105c symetri\u0119 w stosunku do g\u0142\u00f3wnej alei. Kaplica cmentarna jest natomiast dzie\u0142em architekta\u00a0Ericha Graua.<\/p>\n<p>Po wojnie przekazany katolickiej parafii \u015bw. Rodziny. Obecnie chowani s\u0105 tu zmarli tak\u017ce z parafii\u00a0Biskupina\u00a0i\u00a0D\u0105bia.<\/p>\n<p>Na cmentarzu znajduje si\u0119:<\/p>\n<ul>\n<li>pomnik\u00a0Orl\u0105t Lwowskich\u00a0wed\u0142ug projektu Jana Sieka (ods\u0142oni\u0119ty w 1991),<\/li>\n<li>monument upami\u0119tniaj\u0105cy straconych w 1945 roku we Wroc\u0142awiu \u015bwi\u0119tokrzyskich partyzant\u00f3w\u00a0Armii Krajowej\u00a0z oddzia\u0142\u00f3w \u201eSzarego\u201d i \u201eM\u0142ota\u201d wed\u0142ug projektu\u00a0\u0141ucji Skomorowskiej-Wilimowskiej\u00a0(ods\u0142oni\u0119ty w 1969),<\/li>\n<li>symboliczny gr\u00f3b b\u0142ogos\u0142awionego m\u0119czennika\u00a0ks. Jerzego Popie\u0142uszki, kapelana\u00a0\u201eSolidarno\u015bci\u201d\u00a0(ods\u0142oni\u0119ty w 2004)<\/li>\n<\/ul>\n<p>\u0179r\u00f3d\u0142o <a href=\"https:\/\/pl.wikipedia.org\/wiki\/Cmentarz_%C5%9Awi%C4%99tej_Rodziny\">WikiPedia<\/a><\/p>\n","protected":false},"excerpt":{"rendered":"<p>Cmentarz zosta\u0142 za\u0142o\u017cony w roku 1928, jako nekropolia ewangelickich parafii \u015bw. Marii Magdaleny, Gustawa Adolfa na\u00a0S\u0119polnie\u00a0oraz Marcina Lutra. Autorem projektu cmentarza parafii lutera\u0144skiej by\u0142 wroc\u0142awski architekt krajobrazu Paul Hatt. Wed\u0142ug projektu wi\u0119kszo\u015b\u0107 kwater grzebalnych zajmowa\u0142a przestrze\u0144 na przedpolu kaplicy zachowuj\u0105c symetri\u0119 w stosunku do g\u0142\u00f3wnej alei. Kaplica cmentarna jest natomiast &hellip;<\/p>\n","protected":false},"author":1,"featured_media":0,"parent":0,"menu_order":0,"comment_status":"closed","ping_status":"closed","template":"","meta":{"footnotes":""},"_links":{"self":[{"href":"https:\/\/cmentarz.wroclaw.pl\/index.php?rest_route=\/wp\/v2\/pages\/31"}],"collection":[{"href":"https:\/\/cmentarz.wroclaw.pl\/index.php?rest_route=\/wp\/v2\/pages"}],"about":[{"href":"https:\/\/cmentarz.wroclaw.pl\/index.php?rest_route=\/wp\/v2\/types\/page"}],"author":[{"embeddable":true,"href":"https:\/\/cmentarz.wroclaw.pl\/index.php?rest_route=\/wp\/v2\/users\/1"}],"replies":[{"embeddable":true,"href":"https:\/\/cmentarz.wroclaw.pl\/index.php?rest_route=%2Fwp%2Fv2%2Fcomments&post=31"}],"version-history":[{"count":1,"href":"https:\/\/cmentarz.wroclaw.pl\/index.php?rest_route=\/wp\/v2\/pages\/31\/revisions"}],"predecessor-version":[{"id":32,"href":"https:\/\/cmentarz.wroclaw.pl\/index.php?rest_route=\/wp\/v2\/pages\/31\/revisions\/32"}],"wp:attachment":[{"href":"https:\/\/cmentarz.wroclaw.pl\/index.php?rest_route=%2Fwp%2Fv2%2Fmedia&parent=31"}],"curies":[{"name":"wp","href":"https:\/\/api.w.org\/{rel}","templated":true}]}}