{"id":29,"date":"2018-01-11T10:57:41","date_gmt":"2018-01-11T09:57:41","guid":{"rendered":"http:\/\/cmentarz.wroclaw.pl\/?page_id=29"},"modified":"2018-09-30T16:06:08","modified_gmt":"2018-09-30T14:06:08","slug":"informacje","status":"publish","type":"page","link":"https:\/\/cmentarz.wroclaw.pl\/?page_id=29","title":{"rendered":"Informacje"},"content":{"rendered":"<p>Strona ta stanowi kontynuacj\u0119 wydanej drukiem ksi\u0105\u017cki autorstwa <strong>Andrzeja Rumi\u0144skiego<\/strong> <strong>\u201eCmentarz \u015awi\u0119tej Rodziny. Przewodnik biograficzny\u201d.<\/strong><\/p>\n<p>\u015ap. Andrzej Rumi\u0144ski chcia\u0142 opublikowa\u0107 suplement do pierwszego wydania, przygotowywa\u0142 materia\u0142y.Marzeniem Jego by\u0142o stworzenie strony internetowej z dok\u0142adnym spisem zmar\u0142ych pochowanych\u00a0na cmentarzu parafialnym \u015awi\u0119tej Rodziny we Wroc\u0142awiu, z za\u0142\u0105czonymi biografiami. Chcia\u0142, aby pami\u0119\u0107 o tych ludziach trwa\u0142a.<\/p>\n<p><span style=\"font-size: 18pt;\"><strong>Formularz kontaktowy<\/strong><\/span><\/p>\n\n<div class=\"wpcf7 no-js\" id=\"wpcf7-f3055-o1\" lang=\"pl-PL\" dir=\"ltr\">\n<div class=\"screen-reader-response\"><p role=\"status\" aria-live=\"polite\" aria-atomic=\"true\"><\/p> <ul><\/ul><\/div>\n<form action=\"\/index.php?rest_route=%2Fwp%2Fv2%2Fpages%2F29#wpcf7-f3055-o1\" method=\"post\" class=\"wpcf7-form init\" aria-label=\"Formularz kontaktowy\" novalidate=\"novalidate\" data-status=\"init\">\n<div style=\"display: none;\">\n<input type=\"hidden\" name=\"_wpcf7\" value=\"3055\" \/>\n<input type=\"hidden\" name=\"_wpcf7_version\" value=\"5.8.6\" \/>\n<input type=\"hidden\" name=\"_wpcf7_locale\" value=\"pl_PL\" \/>\n<input type=\"hidden\" name=\"_wpcf7_unit_tag\" value=\"wpcf7-f3055-o1\" \/>\n<input type=\"hidden\" name=\"_wpcf7_container_post\" value=\"0\" \/>\n<input type=\"hidden\" name=\"_wpcf7_posted_data_hash\" value=\"\" \/>\n<input type=\"hidden\" name=\"_wpcf7_recaptcha_response\" value=\"\" \/>\n<\/div>\n<p><label> Imi\u0119 i nazwisko (wymagane)<br \/>\n<span class=\"wpcf7-form-control-wrap\" data-name=\"your-name\"><input size=\"40\" class=\"wpcf7-form-control wpcf7-text wpcf7-validates-as-required\" aria-required=\"true\" aria-invalid=\"false\" value=\"\" type=\"text\" name=\"your-name\" \/><\/span> <\/label>\n<\/p>\n<p><label> Adres email (wymagane)<br \/>\n<span class=\"wpcf7-form-control-wrap\" data-name=\"your-email\"><input size=\"40\" class=\"wpcf7-form-control wpcf7-email wpcf7-validates-as-required wpcf7-text wpcf7-validates-as-email\" aria-required=\"true\" aria-invalid=\"false\" value=\"\" type=\"email\" name=\"your-email\" \/><\/span> <\/label>\n<\/p>\n<p><label> Temat<br \/>\n<span class=\"wpcf7-form-control-wrap\" data-name=\"Tematy\"><select class=\"wpcf7-form-control wpcf7-select wpcf7-validates-as-required\" aria-required=\"true\" aria-invalid=\"false\" name=\"Tematy\"><option value=\"Uzupe\u0142nienie informacji o pochowanym\">Uzupe\u0142nienie informacji o pochowanym<\/option><option value=\"Pro\u015bba o korekt\u0119 lub usuniecie informacji\">Pro\u015bba o korekt\u0119 lub usuniecie informacji<\/option><option value=\"Inny temat\">Inny temat<\/option><\/select><\/span> <\/label>\n<\/p>\n<p><label> Tre\u015b\u0107 wiadomo\u015bci<br \/>\n<span class=\"wpcf7-form-control-wrap\" data-name=\"your-message\"><textarea cols=\"40\" rows=\"10\" class=\"wpcf7-form-control wpcf7-textarea\" aria-invalid=\"false\" name=\"your-message\"><\/textarea><\/span> <\/label>\n<\/p>\n\n<p><input class=\"wpcf7-form-control wpcf7-submit has-spinner\" type=\"submit\" value=\"Wy\u015blij\" \/>\n<\/p><div class=\"wpcf7-response-output\" aria-hidden=\"true\"><\/div>\n<\/form>\n<\/div>\n\n","protected":false},"excerpt":{"rendered":"<p>Strona ta stanowi kontynuacj\u0119 wydanej drukiem ksi\u0105\u017cki autorstwa Andrzeja Rumi\u0144skiego \u201eCmentarz \u015awi\u0119tej Rodziny. Przewodnik biograficzny\u201d. \u015ap. Andrzej Rumi\u0144ski chcia\u0142 opublikowa\u0107 suplement do pierwszego wydania, przygotowywa\u0142 materia\u0142y.Marzeniem Jego by\u0142o stworzenie strony internetowej z dok\u0142adnym spisem zmar\u0142ych pochowanych\u00a0na cmentarzu parafialnym \u015awi\u0119tej Rodziny we Wroc\u0142awiu, z za\u0142\u0105czonymi biografiami. Chcia\u0142, aby pami\u0119\u0107 o tych &hellip;<\/p>\n","protected":false},"author":1,"featured_media":0,"parent":0,"menu_order":0,"comment_status":"closed","ping_status":"closed","template":"","meta":{"footnotes":""},"_links":{"self":[{"href":"https:\/\/cmentarz.wroclaw.pl\/index.php?rest_route=\/wp\/v2\/pages\/29"}],"collection":[{"href":"https:\/\/cmentarz.wroclaw.pl\/index.php?rest_route=\/wp\/v2\/pages"}],"about":[{"href":"https:\/\/cmentarz.wroclaw.pl\/index.php?rest_route=\/wp\/v2\/types\/page"}],"author":[{"embeddable":true,"href":"https:\/\/cmentarz.wroclaw.pl\/index.php?rest_route=\/wp\/v2\/users\/1"}],"replies":[{"embeddable":true,"href":"https:\/\/cmentarz.wroclaw.pl\/index.php?rest_route=%2Fwp%2Fv2%2Fcomments&post=29"}],"version-history":[{"count":7,"href":"https:\/\/cmentarz.wroclaw.pl\/index.php?rest_route=\/wp\/v2\/pages\/29\/revisions"}],"predecessor-version":[{"id":3077,"href":"https:\/\/cmentarz.wroclaw.pl\/index.php?rest_route=\/wp\/v2\/pages\/29\/revisions\/3077"}],"wp:attachment":[{"href":"https:\/\/cmentarz.wroclaw.pl\/index.php?rest_route=%2Fwp%2Fv2%2Fmedia&parent=29"}],"curies":[{"name":"wp","href":"https:\/\/api.w.org\/{rel}","templated":true}]}}